{"id":57,"date":"2026-03-31T08:25:12","date_gmt":"2026-03-31T08:25:12","guid":{"rendered":"https:\/\/rehooldus.ee\/about\/"},"modified":"2026-03-31T10:03:01","modified_gmt":"2026-03-31T10:03:01","slug":"teave","status":"publish","type":"page","link":"https:\/\/rehooldus.ee\/?page_id=57","title":{"rendered":"Teave"},"content":{"rendered":"\n<div class=\"wp-block-uagb-container uagb-block-e8dd4de3 alignfull uagb-is-root-container\"><div class=\"uagb-container-inner-blocks-wrap\">\n<div class=\"wp-block-uagb-info-box uagb-block-cd8c06c2 uagb-infobox__content-wrap  uagb-infobox-icon-above-title uagb-infobox-image-valign-top wp-block-uagb-info-box--has-margin\"><div class=\"uagb-infobox-margin-wrapper\"><div class=\"uagb-ifb-content\"><div class=\"uagb-ifb-title-wrap\"><p class=\"uagb-ifb-title-prefix\">Meist<\/p><h1 class=\"uagb-ifb-title\">Usaldusv\u00e4\u00e4rne koristus- ja hooldusteenus igas kodus<\/h1><\/div><div class=\"uagb-ifb-separator\"><\/div><\/div><\/div><\/div>\n<\/div><\/div>\n\n\n\n<div class=\"wp-block-uagb-container uagb-block-510023d1 alignfull uagb-is-root-container\"><div class=\"uagb-container-inner-blocks-wrap\">\n<div class=\"wp-block-uagb-image uagb-block-8a1eac8a wp-block-uagb-image--layout-default wp-block-uagb-image--effect-static wp-block-uagb-image--align-none\"><figure class=\"wp-block-uagb-image__figure\"><img decoding=\"async\" srcset=\"https:\/\/rehooldus.ee\/wp-content\/uploads\/2026\/03\/pexels-photo-10141895.jpeg ,https:\/\/rehooldus.ee\/wp-content\/uploads\/2026\/03\/pexels-photo-10141895.jpeg 780w, https:\/\/rehooldus.ee\/wp-content\/uploads\/2026\/03\/pexels-photo-10141895.jpeg 360w\" sizes=\"auto, (max-width: 480px) 150px\" src=\"https:\/\/rehooldus.ee\/wp-content\/uploads\/2026\/03\/pexels-photo-10141895.jpeg\" alt=\"Contemporary apartment building with balconies under a clear blue sky.\" class=\"uag-image-11\" width=\"1200\" height=\"420\" title=\"who-are-we-02\" loading=\"lazy\" role=\"img\"\/><\/figure><\/div>\n\n\n\n<div class=\"wp-block-uagb-container uagb-layout-grid uagb-block-e30bfe02\">\n<div class=\"wp-block-uagb-advanced-heading uagb-block-ff6fe459\"><h2 class=\"uagb-heading-text\">Tutvuge meiega<\/h2><div class=\"uagb-separator\"><\/div><\/div>\n\n\n\n<div class=\"wp-block-uagb-info-box uagb-block-457ca2a7 uagb-infobox__content-wrap  uagb-infobox-icon-above-title uagb-infobox-image-valign-top\"><div class=\"uagb-ifb-content\"><div class=\"uagb-ifb-title-wrap\"><h3 class=\"uagb-ifb-title-prefix\">Kvaliteetsed teenused igasse kodusse ja kortermajasse<\/h3><p class=\"uagb-ifb-title\">RemEly Hooldus on loonud oma klientidele puhtuse ja mugavuse, pakkudes professionaalseid koristus- ja hooldusteenuseid. Klientide rahulolu ja tagasiside on kinnitanud meie suurep\u00e4rast tulemust, luues pikaajalisi ja v\u00e4\u00e4rtuslikke suhteid.<\/p><\/div><p class=\"uagb-ifb-desc\">Meie teenused on suunatud nii kortermajadele kui kodudele, tagades professionaalsuse igas \u00fcksikasjas.<\/p><\/div><\/div>\n<\/div>\n<\/div><\/div>\n\n\n\n<div class=\"wp-block-uagb-container uagb-block-fc7a701d alignfull uagb-is-root-container\"><div class=\"uagb-container-inner-blocks-wrap\">\n<div class=\"wp-block-uagb-advanced-heading uagb-block-c3875504\"><h2 class=\"uagb-heading-text\">Meie missioon ja v\u00e4\u00e4rtused<\/h2><div class=\"uagb-separator\"><\/div><\/div>\n\n\n\n<div class=\"wp-block-uagb-container uagb-layout-grid uagb-block-17dafbc4\">\n<div class=\"wp-block-uagb-advanced-heading uagb-block-858058df\"><h3 class=\"uagb-heading-text\">Meie jaoks on oluline puhtus<\/h3><p class=\"uagb-desc-text\">Meie missioon on pakkuda klientidele parimat hooldusteenust, tagades pideva puhtuse ja kindlustunde igas kodus. Meie eesm\u00e4rk on luua murevabad koost\u00f6\u00f6suhted ja edendada rahulolu.<\/p><\/div>\n\n\n\n<div class=\"wp-block-uagb-advanced-heading uagb-block-e3961444\"><h3 class=\"uagb-heading-text\">V\u00e4\u00e4rtustame kvaliteeti ja usaldusv\u00e4\u00e4rsust<\/h3><p class=\"uagb-desc-text\">Meie v\u00e4\u00e4rtused p\u00f5hinevad kvaliteedi ja usaldusv\u00e4\u00e4rsuse prioriteedil. Meie klientide rahulolu on meie edusamme m\u00e4\u00e4rav tegur, ning oleme p\u00fchendunud igasuguste teenuste pidevale t\u00e4iustamisele ja arendamisele.<\/p><\/div>\n<\/div>\n<\/div><\/div>\n\n\n\n<div class=\"wp-block-uagb-container uagb-layout-flex uagb-block-739d3338 alignfull uagb-is-root-container\"><div class=\"uagb-container-inner-blocks-wrap\">\n<div class=\"wp-block-uagb-info-box uagb-block-7feea42c uagb-infobox__content-wrap  uagb-infobox-icon-above-title uagb-infobox-image-valign-top\"><div class=\"uagb-ifb-content\"><div class=\"uagb-ifb-title-wrap\"><h2 class=\"uagb-ifb-title-prefix\">Meie ajalugu<\/h2><div class=\"uagb-ifb-separator\"><\/div><h3 class=\"uagb-ifb-title\">RemEly Hoolduse teekond ja areng<\/h3><\/div><p class=\"uagb-ifb-desc\">RemEly Hooldus asutati 2026. aastal, p\u00fchendudes kvaliteetsete koristus- ja hooldusteenuste pakkumisele Eesti, eelk\u00f5ige ida-virumaa kodudele ja kortermajadele. Tahame aastatega s\u00e4ilitada ja arendada s\u00fcsteemi ja parandada pidevalt meie kvaliteedistandardeid ning pakkudes kliendikeskset l\u00e4henemist igal sammul, muutes meid usaldusv\u00e4\u00e4rseks partneriks meie valdkonnas.<\/p><\/div><\/div>\n\n\n\n<div class=\"wp-block-uagb-container uagb-block-0954e0d1\">\n<div class=\"wp-block-uagb-image alignleft uagb-block-a26bb979 wp-block-uagb-image--layout-default wp-block-uagb-image--effect-static wp-block-uagb-image--align-left\"><figure class=\"wp-block-uagb-image__figure\"><img decoding=\"async\" srcset=\"https:\/\/rehooldus.ee\/wp-content\/uploads\/2026\/03\/pexels-photo-9462307.jpeg ,https:\/\/rehooldus.ee\/wp-content\/uploads\/2026\/03\/pexels-photo-9462307.jpeg 780w, https:\/\/rehooldus.ee\/wp-content\/uploads\/2026\/03\/pexels-photo-9462307.jpeg 360w\" sizes=\"auto, (max-width: 480px) 150px\" src=\"https:\/\/rehooldus.ee\/wp-content\/uploads\/2026\/03\/pexels-photo-9462307.jpeg\" alt=\"A woman uses a spray bottle and cloth to clean an oven in a modern kitchen setting.\" class=\"uag-image-7\" width=\"450\" height=\"250\" title=\"our-story-01\" loading=\"lazy\" role=\"img\"\/><\/figure><\/div>\n\n\n\n<div class=\"wp-block-uagb-image uagb-block-3f3c6c54 wp-block-uagb-image--layout-default wp-block-uagb-image--effect-static wp-block-uagb-image--align-none\"><figure class=\"wp-block-uagb-image__figure\"><img decoding=\"async\" srcset=\"https:\/\/rehooldus.ee\/wp-content\/uploads\/2026\/03\/pexels-photo-6195895.jpeg ,https:\/\/rehooldus.ee\/wp-content\/uploads\/2026\/03\/pexels-photo-6195895.jpeg 780w, https:\/\/rehooldus.ee\/wp-content\/uploads\/2026\/03\/pexels-photo-6195895.jpeg 360w\" sizes=\"auto, (max-width: 480px) 150px\" src=\"https:\/\/rehooldus.ee\/wp-content\/uploads\/2026\/03\/pexels-photo-6195895.jpeg\" alt=\"Two cleaners in red uniforms load a vacuum into a white van outdoors.\" class=\"uag-image-8\" width=\"450\" height=\"250\" title=\"our-story-02\" loading=\"lazy\" role=\"img\"\/><\/figure><\/div>\n<\/div>\n<\/div><\/div>\n","protected":false},"excerpt":{"rendered":"<p>Tutvuge meiega Meie missioon ja v\u00e4\u00e4rtused Meie jaoks on oluline puhtus Meie missioon on pakkuda klientidele parimat hooldusteenust, tagades pideva [&hellip;]<\/p>\n","protected":false},"author":1,"featured_media":0,"parent":0,"menu_order":0,"comment_status":"closed","ping_status":"closed","template":"","meta":{"_uag_custom_page_level_css":"","site-sidebar-layout":"default","site-content-layout":"","ast-site-content-layout":"default","site-content-style":"default","site-sidebar-style":"default","ast-global-header-display":"","ast-banner-title-visibility":"","ast-main-header-display":"","ast-hfb-above-header-display":"","ast-hfb-below-header-display":"","ast-hfb-mobile-header-display":"","site-post-title":"disabled","ast-breadcrumbs-content":"","ast-featured-img":"","footer-sml-layout":"","ast-disable-related-posts":"","theme-transparent-header-meta":"enabled","adv-header-id-meta":"","stick-header-meta":"","header-above-stick-meta":"","header-main-stick-meta":"","header-below-stick-meta":"","astra-migrate-meta-layouts":"default","ast-page-background-enabled":"default","ast-page-background-meta":{"desktop":{"background-color":"var(--ast-global-color-4)","background-image":"","background-repeat":"repeat","background-position":"center center","background-size":"auto","background-attachment":"scroll","background-type":"","background-media":"","overlay-type":"","overlay-color":"","overlay-opacity":"","overlay-gradient":""},"tablet":{"background-color":"","background-image":"","background-repeat":"repeat","background-position":"center center","background-size":"auto","background-attachment":"scroll","background-type":"","background-media":"","overlay-type":"","overlay-color":"","overlay-opacity":"","overlay-gradient":""},"mobile":{"background-color":"","background-image":"","background-repeat":"repeat","background-position":"center center","background-size":"auto","background-attachment":"scroll","background-type":"","background-media":"","overlay-type":"","overlay-color":"","overlay-opacity":"","overlay-gradient":""}},"ast-content-background-meta":{"desktop":{"background-color":"var(--ast-global-color-5)","background-image":"","background-repeat":"repeat","background-position":"center center","background-size":"auto","background-attachment":"scroll","background-type":"","background-media":"","overlay-type":"","overlay-color":"","overlay-opacity":"","overlay-gradient":""},"tablet":{"background-color":"var(--ast-global-color-5)","background-image":"","background-repeat":"repeat","background-position":"center center","background-size":"auto","background-attachment":"scroll","background-type":"","background-media":"","overlay-type":"","overlay-color":"","overlay-opacity":"","overlay-gradient":""},"mobile":{"background-color":"var(--ast-global-color-5)","background-image":"","background-repeat":"repeat","background-position":"center center","background-size":"auto","background-attachment":"scroll","background-type":"","background-media":"","overlay-type":"","overlay-color":"","overlay-opacity":"","overlay-gradient":""}},"footnotes":""},"class_list":["post-57","page","type-page","status-publish","hentry"],"uagb_featured_image_src":{"full":false,"thumbnail":false,"medium":false,"medium_large":false,"large":false,"1536x1536":false,"2048x2048":false},"uagb_author_info":{"display_name":"Rauno","author_link":"https:\/\/rehooldus.ee\/?author=1"},"uagb_comment_info":0,"uagb_excerpt":"Tutvuge meiega Meie missioon ja v\u00e4\u00e4rtused Meie jaoks on oluline puhtus Meie missioon on pakkuda klientidele parimat hooldusteenust, tagades pideva [&hellip;]","_links":{"self":[{"href":"https:\/\/rehooldus.ee\/index.php?rest_route=\/wp\/v2\/pages\/57","targetHints":{"allow":["GET"]}}],"collection":[{"href":"https:\/\/rehooldus.ee\/index.php?rest_route=\/wp\/v2\/pages"}],"about":[{"href":"https:\/\/rehooldus.ee\/index.php?rest_route=\/wp\/v2\/types\/page"}],"author":[{"embeddable":true,"href":"https:\/\/rehooldus.ee\/index.php?rest_route=\/wp\/v2\/users\/1"}],"replies":[{"embeddable":true,"href":"https:\/\/rehooldus.ee\/index.php?rest_route=%2Fwp%2Fv2%2Fcomments&post=57"}],"version-history":[{"count":5,"href":"https:\/\/rehooldus.ee\/index.php?rest_route=\/wp\/v2\/pages\/57\/revisions"}],"predecessor-version":[{"id":563,"href":"https:\/\/rehooldus.ee\/index.php?rest_route=\/wp\/v2\/pages\/57\/revisions\/563"}],"wp:attachment":[{"href":"https:\/\/rehooldus.ee\/index.php?rest_route=%2Fwp%2Fv2%2Fmedia&parent=57"}],"curies":[{"name":"wp","href":"https:\/\/api.w.org\/{rel}","templated":true}]}}