{"id":58,"date":"2026-03-31T08:25:12","date_gmt":"2026-03-31T08:25:12","guid":{"rendered":"https:\/\/rehooldus.ee\/services\/"},"modified":"2026-03-31T10:03:23","modified_gmt":"2026-03-31T10:03:23","slug":"teenused","status":"publish","type":"page","link":"https:\/\/rehooldus.ee\/?page_id=58","title":{"rendered":"Teenused"},"content":{"rendered":"\n<div class=\"wp-block-uagb-container uagb-block-e8dd4de3 alignfull uagb-is-root-container\"><div class=\"uagb-container-inner-blocks-wrap\">\n<div class=\"wp-block-uagb-info-box uagb-block-cd8c06c2 uagb-infobox__content-wrap  uagb-infobox-icon-above-title uagb-infobox-image-valign-top wp-block-uagb-info-box--has-margin\"><div class=\"uagb-infobox-margin-wrapper\"><div class=\"uagb-ifb-content\"><div class=\"uagb-ifb-title-wrap\"><p class=\"uagb-ifb-title-prefix\">Teenused<\/p><h1 class=\"uagb-ifb-title\">Professionaalsed hooldus- ja koristusteenused<\/h1><\/div><div class=\"uagb-ifb-separator\"><\/div><\/div><\/div><\/div>\n<\/div><\/div>\n\n\n\n<div class=\"wp-block-uagb-container uagb-layout-flex uagb-block-a0fdc788 alignfull uagb-is-root-container\"><div class=\"uagb-container-inner-blocks-wrap\">\n<div class=\"wp-block-uagb-advanced-heading uagb-block-fdfc8cc4\"><h2 class=\"uagb-heading-text\">Koristusteenus<\/h2><div class=\"uagb-separator\"><\/div><p class=\"uagb-desc-text\">Meie koristusteenus h\u00f5lmab k\u00f5iki kodu alasid, kasutades keskkonnas\u00f5bralikke vahendeid, et tagada puhtus igas nurgas.<\/p><\/div>\n\n\n\n<div class=\"wp-block-uagb-image uagb-block-60e3dd43 wp-block-uagb-image--layout-default wp-block-uagb-image--effect-static wp-block-uagb-image--align-none\"><figure class=\"wp-block-uagb-image__figure\"><img decoding=\"async\" srcset=\"https:\/\/rehooldus.ee\/wp-content\/uploads\/2026\/03\/pexels-photo-10141895.jpeg ,https:\/\/rehooldus.ee\/wp-content\/uploads\/2026\/03\/pexels-photo-10141895.jpeg 780w, https:\/\/rehooldus.ee\/wp-content\/uploads\/2026\/03\/pexels-photo-10141895.jpeg 360w\" sizes=\"auto, (max-width: 480px) 150px\" src=\"https:\/\/rehooldus.ee\/wp-content\/uploads\/2026\/03\/pexels-photo-10141895.jpeg\" alt=\"Contemporary apartment building with balconies under a clear blue sky.\" class=\"uag-image-11\" width=\"550\" height=\"450\" title=\"services-01\" loading=\"lazy\" role=\"img\"\/><\/figure><\/div>\n<\/div><\/div>\n\n\n\n<div class=\"wp-block-uagb-container uagb-layout-flex uagb-block-ecb9fea2 alignfull uagb-is-root-container\"><div class=\"uagb-container-inner-blocks-wrap\">\n<div class=\"wp-block-uagb-image uagb-block-e41c5d42 wp-block-uagb-image--layout-default wp-block-uagb-image--effect-static wp-block-uagb-image--align-none\"><figure class=\"wp-block-uagb-image__figure\"><img decoding=\"async\" srcset=\"https:\/\/rehooldus.ee\/wp-content\/uploads\/2026\/03\/pexels-photo-9462307.jpeg ,https:\/\/rehooldus.ee\/wp-content\/uploads\/2026\/03\/pexels-photo-9462307.jpeg 780w, https:\/\/rehooldus.ee\/wp-content\/uploads\/2026\/03\/pexels-photo-9462307.jpeg 360w\" sizes=\"auto, (max-width: 480px) 150px\" src=\"https:\/\/rehooldus.ee\/wp-content\/uploads\/2026\/03\/pexels-photo-9462307.jpeg\" alt=\"A woman uses a spray bottle and cloth to clean an oven in a modern kitchen setting.\" class=\"uag-image-7\" width=\"550\" height=\"450\" title=\"services-02\" loading=\"lazy\" role=\"img\"\/><\/figure><\/div>\n\n\n\n<div class=\"wp-block-uagb-advanced-heading uagb-block-d3c3d738\"><h2 class=\"uagb-heading-text\">Mugavushooldus<\/h2><div class=\"uagb-separator\"><\/div><p class=\"uagb-desc-text\">Pakume regulaarset hooldust, peale ehitus- ja remondit\u00f6id p\u00f5hjalik koristus, korter\u00fchistustele pakutavat teenust ning muud vajalikku, et hoida teie kodu alati heas seisukorras ja mugavana.<\/p><\/div>\n<\/div><\/div>\n\n\n\n<div class=\"wp-block-uagb-container uagb-layout-flex uagb-block-73f31893 alignfull uagb-is-root-container\"><div class=\"uagb-container-inner-blocks-wrap\">\n<div class=\"wp-block-uagb-image uagb-block-971accf2 wp-block-uagb-image--layout-default wp-block-uagb-image--effect-static wp-block-uagb-image--align-none\"><figure class=\"wp-block-uagb-image__figure\"><img decoding=\"async\" srcset=\"https:\/\/rehooldus.ee\/wp-content\/uploads\/2026\/03\/pexels-photo-17651101.jpg ,https:\/\/rehooldus.ee\/wp-content\/uploads\/2026\/03\/pexels-photo-17651101.jpg 780w, https:\/\/rehooldus.ee\/wp-content\/uploads\/2026\/03\/pexels-photo-17651101.jpg 360w\" sizes=\"auto, (max-width: 480px) 150px\" src=\"https:\/\/rehooldus.ee\/wp-content\/uploads\/2026\/03\/pexels-photo-17651101.jpg\" alt=\"Cleaning supplies and tools outside a building entrance bathed in sunlight.\" class=\"uag-image-9\" width=\"550\" height=\"450\" title=\"services-04\" loading=\"lazy\" role=\"img\"\/><\/figure><\/div>\n\n\n\n<div class=\"wp-block-uagb-advanced-heading uagb-block-4a44ecbc\"><h2 class=\"uagb-heading-text\">Erilised teenused<\/h2><div class=\"uagb-separator\"><\/div><p class=\"uagb-desc-text\">Pakume ka erilisi teenuseid nagu akende puhastus ja muud spetsiifilised hooldusteenused, et rahuldada meie klientide erinevaid vajadusi.<\/p><\/div>\n<\/div><\/div>\n\n\n\n<p><\/p>\n\n\n\n<div class=\"wp-block-uagb-container uagb-block-b4c41ac2 alignfull uagb-is-root-container\"><div class=\"uagb-container-inner-blocks-wrap\">\n<div class=\"wp-block-columns is-layout-flex wp-container-core-columns-is-layout-28f84493 wp-block-columns-is-layout-flex\">\n<div class=\"wp-block-column is-layout-flow wp-block-column-is-layout-flow\" style=\"flex-basis:100%\">\n<div class=\"wp-block-uagb-info-box uagb-block-4ea47458 uagb-infobox__content-wrap  uagb-infobox-icon-above-title uagb-infobox-image-valign-top\"><div class=\"uagb-ifb-content\"><div class=\"uagb-ifb-icon-wrap\"><svg xmlns=\"https:\/\/www.w3.org\/2000\/svg\" viewBox=\"0 0 512 512\"><path d=\"M0 256C0 114.6 114.6 0 256 0C397.4 0 512 114.6 512 256C512 397.4 397.4 512 256 512C114.6 512 0 397.4 0 256zM371.8 211.8C382.7 200.9 382.7 183.1 371.8 172.2C360.9 161.3 343.1 161.3 332.2 172.2L224 280.4L179.8 236.2C168.9 225.3 151.1 225.3 140.2 236.2C129.3 247.1 129.3 264.9 140.2 275.8L204.2 339.8C215.1 350.7 232.9 350.7 243.8 339.8L371.8 211.8z\"><\/path><\/svg><\/div><div class=\"uagb-ifb-title-wrap\"><h3 class=\"uagb-ifb-title\">N\u00e4itispakkumine<\/h3><\/div><p class=\"uagb-ifb-desc\"><strong>3-korruseline kortermaja (2 trepikoda)<\/strong><br><strong>Alates 400 \u20ac \/ kuus<\/strong><br><strong>Koristussagedus:<\/strong><br>\u2714 1\u20132 korda n\u00e4dalas (s\u00f5ltuvalt ilmastikuoludest)<br><br><strong>Teenus sisaldab<\/strong><br>\u2714 Treppide ja p\u00f5randate pesu<br>\u2714 Trepiastmete ja k\u00e4sipuude puhastus<br>\u2714 Sissep\u00e4\u00e4su uste ja klaaside puhastus<br>\u2714 Postkastide ja pindade puhastus<br>\u2714 \u00c4mblikuv\u00f5rkude eemaldamine<br>\u2714 V\u00e4literritooriumilt v\u00e4iksema prahi koristus<\/p><\/div><\/div>\n<\/div>\n<\/div>\n<\/div><\/div>\n","protected":false},"excerpt":{"rendered":"<p>Koristusteenus Meie koristusteenus h\u00f5lmab k\u00f5iki kodu alasid, kasutades keskkonnas\u00f5bralikke vahendeid, et tagada puhtus igas nurgas. Mugavushooldus Pakume regulaarset hooldust, peale [&hellip;]<\/p>\n","protected":false},"author":1,"featured_media":0,"parent":0,"menu_order":0,"comment_status":"closed","ping_status":"closed","template":"","meta":{"_uag_custom_page_level_css":"","site-sidebar-layout":"default","site-content-layout":"","ast-site-content-layout":"default","site-content-style":"default","site-sidebar-style":"default","ast-global-header-display":"","ast-banner-title-visibility":"","ast-main-header-display":"","ast-hfb-above-header-display":"","ast-hfb-below-header-display":"","ast-hfb-mobile-header-display":"","site-post-title":"disabled","ast-breadcrumbs-content":"","ast-featured-img":"","footer-sml-layout":"","ast-disable-related-posts":"","theme-transparent-header-meta":"enabled","adv-header-id-meta":"","stick-header-meta":"","header-above-stick-meta":"","header-main-stick-meta":"","header-below-stick-meta":"","astra-migrate-meta-layouts":"default","ast-page-background-enabled":"default","ast-page-background-meta":{"desktop":{"background-color":"var(--ast-global-color-4)","background-image":"","background-repeat":"repeat","background-position":"center center","background-size":"auto","background-attachment":"scroll","background-type":"","background-media":"","overlay-type":"","overlay-color":"","overlay-opacity":"","overlay-gradient":""},"tablet":{"background-color":"","background-image":"","background-repeat":"repeat","background-position":"center center","background-size":"auto","background-attachment":"scroll","background-type":"","background-media":"","overlay-type":"","overlay-color":"","overlay-opacity":"","overlay-gradient":""},"mobile":{"background-color":"","background-image":"","background-repeat":"repeat","background-position":"center center","background-size":"auto","background-attachment":"scroll","background-type":"","background-media":"","overlay-type":"","overlay-color":"","overlay-opacity":"","overlay-gradient":""}},"ast-content-background-meta":{"desktop":{"background-color":"var(--ast-global-color-5)","background-image":"","background-repeat":"repeat","background-position":"center center","background-size":"auto","background-attachment":"scroll","background-type":"","background-media":"","overlay-type":"","overlay-color":"","overlay-opacity":"","overlay-gradient":""},"tablet":{"background-color":"var(--ast-global-color-5)","background-image":"","background-repeat":"repeat","background-position":"center center","background-size":"auto","background-attachment":"scroll","background-type":"","background-media":"","overlay-type":"","overlay-color":"","overlay-opacity":"","overlay-gradient":""},"mobile":{"background-color":"var(--ast-global-color-5)","background-image":"","background-repeat":"repeat","background-position":"center center","background-size":"auto","background-attachment":"scroll","background-type":"","background-media":"","overlay-type":"","overlay-color":"","overlay-opacity":"","overlay-gradient":""}},"footnotes":""},"class_list":["post-58","page","type-page","status-publish","hentry"],"uagb_featured_image_src":{"full":false,"thumbnail":false,"medium":false,"medium_large":false,"large":false,"1536x1536":false,"2048x2048":false},"uagb_author_info":{"display_name":"Rauno","author_link":"https:\/\/rehooldus.ee\/?author=1"},"uagb_comment_info":0,"uagb_excerpt":"Koristusteenus Meie koristusteenus h\u00f5lmab k\u00f5iki kodu alasid, kasutades keskkonnas\u00f5bralikke vahendeid, et tagada puhtus igas nurgas. Mugavushooldus Pakume regulaarset hooldust, peale [&hellip;]","_links":{"self":[{"href":"https:\/\/rehooldus.ee\/index.php?rest_route=\/wp\/v2\/pages\/58","targetHints":{"allow":["GET"]}}],"collection":[{"href":"https:\/\/rehooldus.ee\/index.php?rest_route=\/wp\/v2\/pages"}],"about":[{"href":"https:\/\/rehooldus.ee\/index.php?rest_route=\/wp\/v2\/types\/page"}],"author":[{"embeddable":true,"href":"https:\/\/rehooldus.ee\/index.php?rest_route=\/wp\/v2\/users\/1"}],"replies":[{"embeddable":true,"href":"https:\/\/rehooldus.ee\/index.php?rest_route=%2Fwp%2Fv2%2Fcomments&post=58"}],"version-history":[{"count":5,"href":"https:\/\/rehooldus.ee\/index.php?rest_route=\/wp\/v2\/pages\/58\/revisions"}],"predecessor-version":[{"id":564,"href":"https:\/\/rehooldus.ee\/index.php?rest_route=\/wp\/v2\/pages\/58\/revisions\/564"}],"wp:attachment":[{"href":"https:\/\/rehooldus.ee\/index.php?rest_route=%2Fwp%2Fv2%2Fmedia&parent=58"}],"curies":[{"name":"wp","href":"https:\/\/api.w.org\/{rel}","templated":true}]}}